{"id":135,"date":"2019-11-30T00:25:02","date_gmt":"2019-11-29T23:25:02","guid":{"rendered":"http:\/\/kfz-dantscher.de\/wordpress\/?page_id=135"},"modified":"2023-09-28T20:40:28","modified_gmt":"2023-09-28T18:40:28","slug":"impressum","status":"publish","type":"page","link":"https:\/\/kfz-dantscher.de\/?page_id=135","title":{"rendered":"Impressum"},"content":{"rendered":"\n<address>\n    Kfz Dantscher<br>\n    <strong>Marcel Dantscher<\/strong><br>\n    Zur G\u00fcterl\u00e4nde 11<br>\n    93339 Riedenburg<br>\n    Deutschland<br>\n    <abbr title=\"Telefonnummer\">Telefon<\/abbr> +49 151 14921607<br>\n    <abbr title=\"Email-Adresse\">E-Mail<\/abbr> <a href=\"mailto:info@kfz-dantscher.de\">info@kfz-dantscher.de<\/a>\n<\/address>\n\n\n\n<h3 class=\"wp-block-heading\">Zust\u00e4ndige Kammer<\/h3>\n\n\n\n<address>\n    <strong>Handwerkskammer Regensburg<\/strong><br>\n    Ditthornstra\u00dfe 10<br>\n    93055 Regensburg<br>\n    Deutschland\n<\/address>\n\n\n\n<h3 class=\"wp-block-heading\">Umsatzsteuer Identifikationsnummer<\/h3>\n\n\n\n<p>DE321594855<\/p>\n\n\n\n<h3 class=\"wp-block-heading\">Berufsbezeichnung<\/h3>\n\n\n\n<p>Kfz-Techniker Meister, verliehen in der Bundesrepublik Deutschland.<\/p>\n\n\n\n<p><a href=\"https:\/\/www.ratgeberrecht.eu\/leistungen\/muster-impressum-generator.html\" target=\"_blank\" rel=\"noreferrer noopener\">Impressum-Generator<\/a> der <a href=\"https:\/\/www.ratgeberrecht.eu\/\" target=\"_blank\" rel=\"noreferrer noopener\">Anwaltskanzlei Wei\u00df &amp; Partner<\/a><\/p>\n","protected":false},"excerpt":{"rendered":"<p>Kfz Dantscher Marcel Dantscher Zur G\u00fcterl\u00e4nde 11 93339 Riedenburg Deutschland Telefon +49 151 14921607 E-Mail info@kfz-dantscher.de Zust\u00e4ndige Kammer Handwerkskammer Regensburg Ditthornstra\u00dfe 10 93055 Regensburg Deutschland Umsatzsteuer Identifikationsnummer DE321594855 Berufsbezeichnung Kfz-Techniker Meister, verliehen in der Bundesrepublik Deutschland. Impressum-Generator der Anwaltskanzlei Wei\u00df &amp; Partner<\/p>\n","protected":false},"author":1,"featured_media":0,"parent":0,"menu_order":0,"comment_status":"closed","ping_status":"closed","template":"","meta":{"footnotes":""},"class_list":["post-135","page","type-page","status-publish","hentry"],"_links":{"self":[{"href":"https:\/\/kfz-dantscher.de\/index.php?rest_route=\/wp\/v2\/pages\/135","targetHints":{"allow":["GET"]}}],"collection":[{"href":"https:\/\/kfz-dantscher.de\/index.php?rest_route=\/wp\/v2\/pages"}],"about":[{"href":"https:\/\/kfz-dantscher.de\/index.php?rest_route=\/wp\/v2\/types\/page"}],"author":[{"embeddable":true,"href":"https:\/\/kfz-dantscher.de\/index.php?rest_route=\/wp\/v2\/users\/1"}],"replies":[{"embeddable":true,"href":"https:\/\/kfz-dantscher.de\/index.php?rest_route=%2Fwp%2Fv2%2Fcomments&post=135"}],"version-history":[{"count":9,"href":"https:\/\/kfz-dantscher.de\/index.php?rest_route=\/wp\/v2\/pages\/135\/revisions"}],"predecessor-version":[{"id":394,"href":"https:\/\/kfz-dantscher.de\/index.php?rest_route=\/wp\/v2\/pages\/135\/revisions\/394"}],"wp:attachment":[{"href":"https:\/\/kfz-dantscher.de\/index.php?rest_route=%2Fwp%2Fv2%2Fmedia&parent=135"}],"curies":[{"name":"wp","href":"https:\/\/api.w.org\/{rel}","templated":true}]}}